{"id":80,"date":"2013-01-24T11:12:48","date_gmt":"2013-01-24T10:12:48","guid":{"rendered":"https:\/\/comfortchicks.com\/?page_id=80"},"modified":"2018-08-16T15:49:12","modified_gmt":"2018-08-16T13:49:12","slug":"heatingplates","status":"publish","type":"page","link":"https:\/\/comfortchicks.com\/fr\/heatingplates\/","title":{"rendered":"Nos panneaux chauffants"},"content":{"rendered":"<p><img loading=\"lazy\" decoding=\"async\" class=\"aligncenter wp-image-113 size-full\" src=\"https:\/\/comfortchicks.com\/wp-content\/uploads\/2013\/01\/WP-30-crop.jpg\" alt=\"WP-30-crop\" width=\"900\" height=\"289\" srcset=\"https:\/\/comfortchicks.com\/wp-content\/uploads\/2013\/01\/WP-30-crop.jpg 900w, https:\/\/comfortchicks.com\/wp-content\/uploads\/2013\/01\/WP-30-crop-300x96.jpg 300w\" sizes=\"auto, (max-width: 900px) 100vw, 900px\" \/><strong>Nous\u00a0sommes heureuses de vous pr\u00e9senter le nouveau panneau chauffant Comfort pour poussins. Sp\u00e9cialement le facile r\u00e9glage de la hauteur de ses jambes fait si que ce panneau chauffant est tr\u00e8s pratique est vous fera gagner du temps.<\/strong><\/p>\n<p>Lisez-vous ci-dessous tous les avantages :<\/p>\n<ul>\n<li>R\u00e9glage facile de l\u2019hauteur des jambes.<\/li>\n<li>Isolation am\u00e9lior\u00e9e (PU).<\/li>\n<li>Temp\u00e9rature plus haute.<\/li>\n<li>Basse consommation de puissance.<\/li>\n<li>Plus de s\u00e9curit\u00e9 gr\u00e2ce a un fusible thermique et a un fusible de r\u00e9sistance.<\/li>\n<li>LED voyant.<\/li>\n<\/ul>\n<h2>Pourquoi choisir un panneau chauffant?<\/h2>\n<p>Un panneau chauffant est un remplacement de M\u00e8re Nature ou les poussins sont chauff\u00e9 par les plumes de la m\u00e8re poule. Une solution tr\u00e8s naturelle avec un gros avantage, \u00e0 savoir que les poussins durcissant plus rapidement et ont plus vite des plumes. Par la pr\u00e9sente les poussins restent in bonne sant\u00e9. La dur\u00e9e de vie de un panneau chauffant est de 10 ans et le risque d\u2019interf\u00e9rence est minime.<\/p>\n<h2>Mat\u00e9riaux<\/h2>\n<p>Le panneau chauffant est fabriqu\u00e9 en mat\u00e9riau synth\u00e9tique, principalement en ABS. Ce mat\u00e9riau est tr\u00e8s solide et durable. La hauteur de les jambes peut \u00eatre r\u00e9gl\u00e9 tr\u00e8s facilement en pressant les attaches jaunes, d\u00e9not\u00e9es par \u201cPUSH\u201d. Dedans le panneau chauffant vous pouvez trouvez un \u00e9l\u00e9ment d\u2019isolation en polyur\u00e9thane avec un valeur d\u2019isolation tr\u00e8s \u00e9lev\u00e9. Sur ce \u00e9l\u00e9ment l\u2019\u00e9l\u00e9ment de chauffage est mont\u00e9.<\/p>\n<h2>Basse consommation de puissance.<\/h2>\n<p>Un panneau chauffant consomme moins puissance que une lampe chauffante. L\u2019\u00e9pargne peut aller jusqu\u2019a \u20ac7.26 par semaine en d\u00e9pendant de le mod\u00e8le. Les co\u00fbts d\u2019achat peuvent \u00eatre regagn\u00e9s dans les 8-20 semaines. Un investissement tr`s bon, afin!<\/p>\n<table class=\"costTable\">\n<thead>\n<tr>\n<th colspan=\"3\">Panneau chauffant<\/th>\n<th colspan=\"2\">Lampe chauffante<\/th>\n<\/tr>\n<\/thead>\n<thead>\n<tr>\n<th>Model<\/th>\n<th>Puissance (Watt)<\/th>\n<th>Co\u00fbts \u00e9lectricit\u00e9 p\/s*<\/th>\n<th>Puissance (Watt)<\/th>\n<th>Co\u00fbts \u00e9lectricit\u00e9 p\/s*<\/th>\n<\/tr>\n<\/thead>\n<tbody>\n<tr>\n<td><strong>WP-25<\/strong><\/td>\n<td>15<\/td>\n<td>\u20ac0.58<\/td>\n<td>60<\/td>\n<td>\u20ac2,32<\/td>\n<\/tr>\n<tr>\n<td><strong>WP-30<\/strong><\/td>\n<td>22<\/td>\n<td>\u20ac0.85<\/td>\n<td>100<\/td>\n<td>\u20ac3.86<\/td>\n<\/tr>\n<tr>\n<td><strong>WP-40<\/strong><\/td>\n<td>42<\/td>\n<td>\u20ac1.62<\/td>\n<td>150<\/td>\n<td>\u20ac5.80<\/td>\n<\/tr>\n<tr>\n<td><strong>WP-50<\/strong><\/td>\n<td>50<\/td>\n<td>\u20ac1.93<\/td>\n<td>150<\/td>\n<td>\u20ac5.80<\/td>\n<\/tr>\n<tr>\n<td><strong>WP-60<\/strong><\/td>\n<td>62<\/td>\n<td>\u20ac2.40<\/td>\n<td>250<\/td>\n<td>\u20ac9.66<\/td>\n<\/tr>\n<\/tbody>\n<\/table>\n<p><em>*Prix KWH \u20ac 0.23<\/em><\/p>","protected":false},"excerpt":{"rendered":"<p>Nous\u00a0sommes heureuses de vous pr\u00e9senter le nouveau panneau chauffant Comfort pour poussins. Sp\u00e9cialement le facile r\u00e9glage de la hauteur de ses jambes fait si que ce panneau chauffant est tr\u00e8s pratique est vous fera gagner du temps. Lisez-vous ci-dessous tous les avantages : R\u00e9glage facile de l\u2019hauteur des jambes. Isolation am\u00e9lior\u00e9e (PU). Temp\u00e9rature plus haute. [&hellip;]<\/p>\n","protected":false},"author":3,"featured_media":0,"parent":0,"menu_order":0,"comment_status":"closed","ping_status":"closed","template":"","meta":{"_monsterinsights_skip_tracking":false,"_monsterinsights_sitenote_active":false,"_monsterinsights_sitenote_note":"","_monsterinsights_sitenote_category":0,"footnotes":""},"class_list":["post-80","page","type-page","status-publish","hentry"],"yoast_head":"<!-- This site is optimized with the Yoast SEO plugin v27.3 - https:\/\/yoast.com\/product\/yoast-seo-wordpress\/ -->\n<title>Nos panneaux chauffants - Comfort Chicks<\/title>\n<meta name=\"robots\" content=\"index, follow, max-snippet:-1, max-image-preview:large, max-video-preview:-1\" \/>\n<link rel=\"canonical\" href=\"https:\/\/comfortchicks.com\/heatingplates\/\" \/>\n<meta property=\"og:locale\" content=\"fr_FR\" \/>\n<meta property=\"og:type\" content=\"article\" \/>\n<meta property=\"og:title\" content=\"[:en]Our heating plates[:nl]Onze warmteplaten[:de]Unsere W\u00e4rmeplatten[:fr]Nos panneaux chauffants[:] - Comfort Chicks\" \/>\n<meta property=\"og:description\" content=\"Nous\u00a0sommes heureuses de vous pr\u00e9senter le nouveau panneau chauffant Comfort pour poussins. Sp\u00e9cialement le facile r\u00e9glage de la hauteur de ses jambes fait si que ce panneau chauffant est tr\u00e8s pratique est vous fera gagner du temps. Lisez-vous ci-dessous tous les avantages : R\u00e9glage facile de l\u2019hauteur des jambes. Isolation am\u00e9lior\u00e9e (PU). Temp\u00e9rature plus haute. [&hellip;]\" \/>\n<meta property=\"og:url\" content=\"https:\/\/comfortchicks.com\/heatingplates\/\" \/>\n<meta property=\"og:site_name\" content=\"Comfort Chicks\" \/>\n<meta property=\"article:modified_time\" content=\"2018-08-16T13:49:12+00:00\" \/>\n<meta property=\"og:image\" content=\"https:\/\/comfortchicks.com\/wp-content\/uploads\/2013\/01\/WP-30-crop.jpg\" \/>\n<meta name=\"twitter:label1\" content=\"Dur\u00e9e de lecture estim\u00e9e\" \/>\n\t<meta name=\"twitter:data1\" content=\"6 minutes\" \/>\n<script type=\"application\/ld+json\" class=\"yoast-schema-graph\">{\"@context\":\"https:\\\/\\\/schema.org\",\"@graph\":[{\"@type\":\"WebPage\",\"@id\":\"https:\\\/\\\/comfortchicks.com\\\/heatingplates\\\/\",\"url\":\"https:\\\/\\\/comfortchicks.com\\\/heatingplates\\\/\",\"name\":\"[:en]Our heating plates[:nl]Onze warmteplaten[:de]Unsere W\u00e4rmeplatten[:fr]Nos panneaux chauffants[:] - Comfort Chicks\",\"isPartOf\":{\"@id\":\"https:\\\/\\\/comfortchicks.com\\\/#website\"},\"primaryImageOfPage\":{\"@id\":\"https:\\\/\\\/comfortchicks.com\\\/heatingplates\\\/#primaryimage\"},\"image\":{\"@id\":\"https:\\\/\\\/comfortchicks.com\\\/heatingplates\\\/#primaryimage\"},\"thumbnailUrl\":\"https:\\\/\\\/comfortchicks.com\\\/wp-content\\\/uploads\\\/2013\\\/01\\\/WP-30-crop.jpg\",\"datePublished\":\"2013-01-24T10:12:48+00:00\",\"dateModified\":\"2018-08-16T13:49:12+00:00\",\"breadcrumb\":{\"@id\":\"https:\\\/\\\/comfortchicks.com\\\/heatingplates\\\/#breadcrumb\"},\"inLanguage\":\"fr-FR\",\"potentialAction\":[{\"@type\":\"ReadAction\",\"target\":[\"https:\\\/\\\/comfortchicks.com\\\/heatingplates\\\/\"]}]},{\"@type\":\"ImageObject\",\"inLanguage\":\"fr-FR\",\"@id\":\"https:\\\/\\\/comfortchicks.com\\\/heatingplates\\\/#primaryimage\",\"url\":\"https:\\\/\\\/comfortchicks.com\\\/wp-content\\\/uploads\\\/2013\\\/01\\\/WP-30-crop.jpg\",\"contentUrl\":\"https:\\\/\\\/comfortchicks.com\\\/wp-content\\\/uploads\\\/2013\\\/01\\\/WP-30-crop.jpg\"},{\"@type\":\"BreadcrumbList\",\"@id\":\"https:\\\/\\\/comfortchicks.com\\\/heatingplates\\\/#breadcrumb\",\"itemListElement\":[{\"@type\":\"ListItem\",\"position\":1,\"name\":\"Home\",\"item\":\"https:\\\/\\\/comfortchicks.com\\\/\"},{\"@type\":\"ListItem\",\"position\":2,\"name\":\"Our heating plates\"}]},{\"@type\":\"WebSite\",\"@id\":\"https:\\\/\\\/comfortchicks.com\\\/#website\",\"url\":\"https:\\\/\\\/comfortchicks.com\\\/\",\"name\":\"Comfort Chicks\",\"description\":\"Panneaux chauffants pour poussins\",\"potentialAction\":[{\"@type\":\"SearchAction\",\"target\":{\"@type\":\"EntryPoint\",\"urlTemplate\":\"https:\\\/\\\/comfortchicks.com\\\/?s={search_term_string}\"},\"query-input\":{\"@type\":\"PropertyValueSpecification\",\"valueRequired\":true,\"valueName\":\"search_term_string\"}}],\"inLanguage\":\"fr-FR\"}]}<\/script>\n<!-- \/ Yoast SEO plugin. -->","yoast_head_json":{"title":"[:en]Our heating plates[:nl]Onze warmteplaten[:de]Unsere W\u00e4rmeplatten[:fr]Nos panneaux chauffants[:] - Comfort Chicks","robots":{"index":"index","follow":"follow","max-snippet":"max-snippet:-1","max-image-preview":"max-image-preview:large","max-video-preview":"max-video-preview:-1"},"canonical":"https:\/\/comfortchicks.com\/heatingplates\/","og_locale":"fr_FR","og_type":"article","og_title":"[:en]Our heating plates[:nl]Onze warmteplaten[:de]Unsere W\u00e4rmeplatten[:fr]Nos panneaux chauffants[:] - Comfort Chicks","og_description":"Nous\u00a0sommes heureuses de vous pr\u00e9senter le nouveau panneau chauffant Comfort pour poussins. Sp\u00e9cialement le facile r\u00e9glage de la hauteur de ses jambes fait si que ce panneau chauffant est tr\u00e8s pratique est vous fera gagner du temps. Lisez-vous ci-dessous tous les avantages : R\u00e9glage facile de l\u2019hauteur des jambes. Isolation am\u00e9lior\u00e9e (PU). Temp\u00e9rature plus haute. [&hellip;]","og_url":"https:\/\/comfortchicks.com\/heatingplates\/","og_site_name":"Comfort Chicks","article_modified_time":"2018-08-16T13:49:12+00:00","og_image":[{"url":"https:\/\/comfortchicks.com\/wp-content\/uploads\/2013\/01\/WP-30-crop.jpg","type":"","width":"","height":""}],"twitter_misc":{"Dur\u00e9e de lecture estim\u00e9e":"6 minutes"},"schema":{"@context":"https:\/\/schema.org","@graph":[{"@type":"WebPage","@id":"https:\/\/comfortchicks.com\/heatingplates\/","url":"https:\/\/comfortchicks.com\/heatingplates\/","name":"[:en]Our heating plates[:nl]Onze warmteplaten[:de]Unsere W\u00e4rmeplatten[:fr]Nos panneaux chauffants[:] - Comfort Chicks","isPartOf":{"@id":"https:\/\/comfortchicks.com\/#website"},"primaryImageOfPage":{"@id":"https:\/\/comfortchicks.com\/heatingplates\/#primaryimage"},"image":{"@id":"https:\/\/comfortchicks.com\/heatingplates\/#primaryimage"},"thumbnailUrl":"https:\/\/comfortchicks.com\/wp-content\/uploads\/2013\/01\/WP-30-crop.jpg","datePublished":"2013-01-24T10:12:48+00:00","dateModified":"2018-08-16T13:49:12+00:00","breadcrumb":{"@id":"https:\/\/comfortchicks.com\/heatingplates\/#breadcrumb"},"inLanguage":"fr-FR","potentialAction":[{"@type":"ReadAction","target":["https:\/\/comfortchicks.com\/heatingplates\/"]}]},{"@type":"ImageObject","inLanguage":"fr-FR","@id":"https:\/\/comfortchicks.com\/heatingplates\/#primaryimage","url":"https:\/\/comfortchicks.com\/wp-content\/uploads\/2013\/01\/WP-30-crop.jpg","contentUrl":"https:\/\/comfortchicks.com\/wp-content\/uploads\/2013\/01\/WP-30-crop.jpg"},{"@type":"BreadcrumbList","@id":"https:\/\/comfortchicks.com\/heatingplates\/#breadcrumb","itemListElement":[{"@type":"ListItem","position":1,"name":"Home","item":"https:\/\/comfortchicks.com\/"},{"@type":"ListItem","position":2,"name":"Our heating plates"}]},{"@type":"WebSite","@id":"https:\/\/comfortchicks.com\/#website","url":"https:\/\/comfortchicks.com\/","name":"Comfort Chicks","description":"Panneaux chauffants pour poussins","potentialAction":[{"@type":"SearchAction","target":{"@type":"EntryPoint","urlTemplate":"https:\/\/comfortchicks.com\/?s={search_term_string}"},"query-input":{"@type":"PropertyValueSpecification","valueRequired":true,"valueName":"search_term_string"}}],"inLanguage":"fr-FR"}]}},"_links":{"self":[{"href":"https:\/\/comfortchicks.com\/fr\/wp-json\/wp\/v2\/pages\/80","targetHints":{"allow":["GET"]}}],"collection":[{"href":"https:\/\/comfortchicks.com\/fr\/wp-json\/wp\/v2\/pages"}],"about":[{"href":"https:\/\/comfortchicks.com\/fr\/wp-json\/wp\/v2\/types\/page"}],"author":[{"embeddable":true,"href":"https:\/\/comfortchicks.com\/fr\/wp-json\/wp\/v2\/users\/3"}],"replies":[{"embeddable":true,"href":"https:\/\/comfortchicks.com\/fr\/wp-json\/wp\/v2\/comments?post=80"}],"version-history":[{"count":25,"href":"https:\/\/comfortchicks.com\/fr\/wp-json\/wp\/v2\/pages\/80\/revisions"}],"predecessor-version":[{"id":508,"href":"https:\/\/comfortchicks.com\/fr\/wp-json\/wp\/v2\/pages\/80\/revisions\/508"}],"wp:attachment":[{"href":"https:\/\/comfortchicks.com\/fr\/wp-json\/wp\/v2\/media?parent=80"}],"curies":[{"name":"wp","href":"https:\/\/api.w.org\/{rel}","templated":true}]}}