{"id":8,"date":"2013-01-18T09:33:26","date_gmt":"2013-01-18T08:33:26","guid":{"rendered":"https:\/\/comfortchicks.com\/?page_id=8"},"modified":"2020-06-11T15:26:27","modified_gmt":"2020-06-11T13:26:27","slug":"download","status":"publish","type":"page","link":"https:\/\/comfortchicks.com\/fr\/download\/","title":{"rendered":"T\u00e9l\u00e9chargement du manuel"},"content":{"rendered":"<p><strong>T\u00e9l\u00e9chargez le manuel de la panneau chauffant comfort en cliquant sur l&rsquo;image ci-dessous.<\/strong><\/p>\n<h1 class=\"product--title\"><\/h1>\n<p><a href=\"https:\/\/comfortchicks.com\/wp-content\/uploads\/2020\/06\/WP_Usermanual_LR.pdf\"><img loading=\"lazy\" decoding=\"async\" class=\"alignnone wp-image-513 size-full\" title=\"Manual Heating Plate for chicks\" src=\"https:\/\/comfortchicks.com\/wp-content\/uploads\/2020\/06\/User-Manual-Heating-plates.png\" alt=\"Manual Heating Plate for chicks\" width=\"418\" height=\"593\" srcset=\"https:\/\/comfortchicks.com\/wp-content\/uploads\/2020\/06\/User-Manual-Heating-plates.png 418w, https:\/\/comfortchicks.com\/wp-content\/uploads\/2020\/06\/User-Manual-Heating-plates-211x300.png 211w\" sizes=\"auto, (max-width: 418px) 100vw, 418px\" \/><\/a><\/p>\n<p>&nbsp;<\/p>\n<p>&nbsp;<\/p>\n<p>&nbsp;<\/p>","protected":false},"excerpt":{"rendered":"<p>T\u00e9l\u00e9chargez le manuel de la panneau chauffant comfort en cliquant sur l&rsquo;image ci-dessous. &nbsp; &nbsp; &nbsp;<\/p>\n","protected":false},"author":3,"featured_media":0,"parent":0,"menu_order":0,"comment_status":"closed","ping_status":"closed","template":"","meta":{"_monsterinsights_skip_tracking":false,"_monsterinsights_sitenote_active":false,"_monsterinsights_sitenote_note":"","_monsterinsights_sitenote_category":0,"footnotes":""},"class_list":["post-8","page","type-page","status-publish","hentry"],"yoast_head":"<!-- This site is optimized with the Yoast SEO plugin v27.5 - https:\/\/yoast.com\/product\/yoast-seo-wordpress\/ -->\n<title>T\u00e9l\u00e9chargement du manuel - Comfort Chicks<\/title>\n<meta name=\"robots\" content=\"index, follow, max-snippet:-1, max-image-preview:large, max-video-preview:-1\" \/>\n<link rel=\"canonical\" href=\"https:\/\/comfortchicks.com\/download\/\" \/>\n<meta property=\"og:locale\" content=\"fr_FR\" \/>\n<meta property=\"og:type\" content=\"article\" \/>\n<meta property=\"og:title\" content=\"[:en]Download manual[:nl]Download handleiding[:de]Bedienungsanleitung herunterladen[:fr]T\u00e9l\u00e9chargement du manuel[:] - Comfort Chicks\" \/>\n<meta property=\"og:description\" content=\"T\u00e9l\u00e9chargez le manuel de la panneau chauffant comfort en cliquant sur l&rsquo;image ci-dessous. &nbsp; &nbsp; &nbsp;\" \/>\n<meta property=\"og:url\" content=\"https:\/\/comfortchicks.com\/download\/\" \/>\n<meta property=\"og:site_name\" content=\"Comfort Chicks\" \/>\n<meta property=\"article:modified_time\" content=\"2020-06-11T13:26:27+00:00\" \/>\n<meta property=\"og:image\" content=\"https:\/\/comfortchicks.com\/wp-content\/uploads\/2020\/06\/User-Manual-Heating-plates.png\" \/>\n<script type=\"application\/ld+json\" class=\"yoast-schema-graph\">{\"@context\":\"https:\\\/\\\/schema.org\",\"@graph\":[{\"@type\":\"WebPage\",\"@id\":\"https:\\\/\\\/comfortchicks.com\\\/download\\\/\",\"url\":\"https:\\\/\\\/comfortchicks.com\\\/download\\\/\",\"name\":\"[:en]Download manual[:nl]Download handleiding[:de]Bedienungsanleitung herunterladen[:fr]T\u00e9l\u00e9chargement du manuel[:] - Comfort Chicks\",\"isPartOf\":{\"@id\":\"https:\\\/\\\/comfortchicks.com\\\/#website\"},\"primaryImageOfPage\":{\"@id\":\"https:\\\/\\\/comfortchicks.com\\\/download\\\/#primaryimage\"},\"image\":{\"@id\":\"https:\\\/\\\/comfortchicks.com\\\/download\\\/#primaryimage\"},\"thumbnailUrl\":\"https:\\\/\\\/comfortchicks.com\\\/wp-content\\\/uploads\\\/2020\\\/06\\\/User-Manual-Heating-plates.png\",\"datePublished\":\"2013-01-18T08:33:26+00:00\",\"dateModified\":\"2020-06-11T13:26:27+00:00\",\"breadcrumb\":{\"@id\":\"https:\\\/\\\/comfortchicks.com\\\/download\\\/#breadcrumb\"},\"inLanguage\":\"fr-FR\",\"potentialAction\":[{\"@type\":\"ReadAction\",\"target\":[\"https:\\\/\\\/comfortchicks.com\\\/download\\\/\"]}]},{\"@type\":\"ImageObject\",\"inLanguage\":\"fr-FR\",\"@id\":\"https:\\\/\\\/comfortchicks.com\\\/download\\\/#primaryimage\",\"url\":\"https:\\\/\\\/comfortchicks.com\\\/wp-content\\\/uploads\\\/2020\\\/06\\\/User-Manual-Heating-plates.png\",\"contentUrl\":\"https:\\\/\\\/comfortchicks.com\\\/wp-content\\\/uploads\\\/2020\\\/06\\\/User-Manual-Heating-plates.png\"},{\"@type\":\"BreadcrumbList\",\"@id\":\"https:\\\/\\\/comfortchicks.com\\\/download\\\/#breadcrumb\",\"itemListElement\":[{\"@type\":\"ListItem\",\"position\":1,\"name\":\"Home\",\"item\":\"https:\\\/\\\/comfortchicks.com\\\/\"},{\"@type\":\"ListItem\",\"position\":2,\"name\":\"Download manual\"}]},{\"@type\":\"WebSite\",\"@id\":\"https:\\\/\\\/comfortchicks.com\\\/#website\",\"url\":\"https:\\\/\\\/comfortchicks.com\\\/\",\"name\":\"Comfort Chicks\",\"description\":\"Panneaux chauffants pour poussins\",\"potentialAction\":[{\"@type\":\"SearchAction\",\"target\":{\"@type\":\"EntryPoint\",\"urlTemplate\":\"https:\\\/\\\/comfortchicks.com\\\/?s={search_term_string}\"},\"query-input\":{\"@type\":\"PropertyValueSpecification\",\"valueRequired\":true,\"valueName\":\"search_term_string\"}}],\"inLanguage\":\"fr-FR\"}]}<\/script>\n<!-- \/ Yoast SEO plugin. -->","yoast_head_json":{"title":"[:en]Download manual[:nl]Download handleiding[:de]Bedienungsanleitung herunterladen[:fr]T\u00e9l\u00e9chargement du manuel[:] - Comfort Chicks","robots":{"index":"index","follow":"follow","max-snippet":"max-snippet:-1","max-image-preview":"max-image-preview:large","max-video-preview":"max-video-preview:-1"},"canonical":"https:\/\/comfortchicks.com\/download\/","og_locale":"fr_FR","og_type":"article","og_title":"[:en]Download manual[:nl]Download handleiding[:de]Bedienungsanleitung herunterladen[:fr]T\u00e9l\u00e9chargement du manuel[:] - Comfort Chicks","og_description":"T\u00e9l\u00e9chargez le manuel de la panneau chauffant comfort en cliquant sur l&rsquo;image ci-dessous. &nbsp; &nbsp; &nbsp;","og_url":"https:\/\/comfortchicks.com\/download\/","og_site_name":"Comfort Chicks","article_modified_time":"2020-06-11T13:26:27+00:00","og_image":[{"url":"https:\/\/comfortchicks.com\/wp-content\/uploads\/2020\/06\/User-Manual-Heating-plates.png","type":"","width":"","height":""}],"schema":{"@context":"https:\/\/schema.org","@graph":[{"@type":"WebPage","@id":"https:\/\/comfortchicks.com\/download\/","url":"https:\/\/comfortchicks.com\/download\/","name":"[:en]Download manual[:nl]Download handleiding[:de]Bedienungsanleitung herunterladen[:fr]T\u00e9l\u00e9chargement du manuel[:] - Comfort Chicks","isPartOf":{"@id":"https:\/\/comfortchicks.com\/#website"},"primaryImageOfPage":{"@id":"https:\/\/comfortchicks.com\/download\/#primaryimage"},"image":{"@id":"https:\/\/comfortchicks.com\/download\/#primaryimage"},"thumbnailUrl":"https:\/\/comfortchicks.com\/wp-content\/uploads\/2020\/06\/User-Manual-Heating-plates.png","datePublished":"2013-01-18T08:33:26+00:00","dateModified":"2020-06-11T13:26:27+00:00","breadcrumb":{"@id":"https:\/\/comfortchicks.com\/download\/#breadcrumb"},"inLanguage":"fr-FR","potentialAction":[{"@type":"ReadAction","target":["https:\/\/comfortchicks.com\/download\/"]}]},{"@type":"ImageObject","inLanguage":"fr-FR","@id":"https:\/\/comfortchicks.com\/download\/#primaryimage","url":"https:\/\/comfortchicks.com\/wp-content\/uploads\/2020\/06\/User-Manual-Heating-plates.png","contentUrl":"https:\/\/comfortchicks.com\/wp-content\/uploads\/2020\/06\/User-Manual-Heating-plates.png"},{"@type":"BreadcrumbList","@id":"https:\/\/comfortchicks.com\/download\/#breadcrumb","itemListElement":[{"@type":"ListItem","position":1,"name":"Home","item":"https:\/\/comfortchicks.com\/"},{"@type":"ListItem","position":2,"name":"Download manual"}]},{"@type":"WebSite","@id":"https:\/\/comfortchicks.com\/#website","url":"https:\/\/comfortchicks.com\/","name":"Comfort Chicks","description":"Panneaux chauffants pour poussins","potentialAction":[{"@type":"SearchAction","target":{"@type":"EntryPoint","urlTemplate":"https:\/\/comfortchicks.com\/?s={search_term_string}"},"query-input":{"@type":"PropertyValueSpecification","valueRequired":true,"valueName":"search_term_string"}}],"inLanguage":"fr-FR"}]}},"_links":{"self":[{"href":"https:\/\/comfortchicks.com\/fr\/wp-json\/wp\/v2\/pages\/8","targetHints":{"allow":["GET"]}}],"collection":[{"href":"https:\/\/comfortchicks.com\/fr\/wp-json\/wp\/v2\/pages"}],"about":[{"href":"https:\/\/comfortchicks.com\/fr\/wp-json\/wp\/v2\/types\/page"}],"author":[{"embeddable":true,"href":"https:\/\/comfortchicks.com\/fr\/wp-json\/wp\/v2\/users\/3"}],"replies":[{"embeddable":true,"href":"https:\/\/comfortchicks.com\/fr\/wp-json\/wp\/v2\/comments?post=8"}],"version-history":[{"count":10,"href":"https:\/\/comfortchicks.com\/fr\/wp-json\/wp\/v2\/pages\/8\/revisions"}],"predecessor-version":[{"id":522,"href":"https:\/\/comfortchicks.com\/fr\/wp-json\/wp\/v2\/pages\/8\/revisions\/522"}],"wp:attachment":[{"href":"https:\/\/comfortchicks.com\/fr\/wp-json\/wp\/v2\/media?parent=8"}],"curies":[{"name":"wp","href":"https:\/\/api.w.org\/{rel}","templated":true}]}}