{"id":80,"date":"2013-01-24T11:12:48","date_gmt":"2013-01-24T10:12:48","guid":{"rendered":"https:\/\/comfortchicks.com\/?page_id=80"},"modified":"2018-08-16T15:49:12","modified_gmt":"2018-08-16T13:49:12","slug":"heatingplates","status":"publish","type":"page","link":"https:\/\/comfortchicks.com\/de\/heatingplates\/","title":{"rendered":"Unsere W\u00e4rmeplatten"},"content":{"rendered":"<p><img loading=\"lazy\" decoding=\"async\" class=\"aligncenter wp-image-113 size-full\" src=\"https:\/\/comfortchicks.com\/wp-content\/uploads\/2013\/01\/WP-30-crop.jpg\" alt=\"WP-30-crop\" width=\"900\" height=\"289\" srcset=\"https:\/\/comfortchicks.com\/wp-content\/uploads\/2013\/01\/WP-30-crop.jpg 900w, https:\/\/comfortchicks.com\/wp-content\/uploads\/2013\/01\/WP-30-crop-300x96.jpg 300w\" sizes=\"auto, (max-width: 900px) 100vw, 900px\" \/><\/p>\n<p><strong>Mit Stolz k\u00fcnnen wir Ihnen die neue Comfort W\u00e4rmeplatte f\u00fcr K\u00fcken pr\u00e4sentieren. Ins Besondere das neue System zur H\u00f6henverstellung der F\u00fc\u00dfe macht diese neue W\u00e4rmeplatte sehr praktisch und erspart Ihnen viel Zeit.<\/strong><\/p>\n<p>Hier k\u00f6nnen sie alle Vorteile dieser Platte finden:<\/p>\n<ul>\n<li>Einfache H\u00f6henverstellung.<\/li>\n<li>Bessere Isolierung (PU)<\/li>\n<li>H\u00f6here Plattentemperatur<\/li>\n<li>Niedriger Stromverbrauch<\/li>\n<li>Zweifache Sicherheit mittels einer Temperatursicherung und einer Wiederstandsicherung<\/li>\n<li>LED Anzeigelampe.<\/li>\n<\/ul>\n<h2>Warum eine W\u00e4rmeplatte?<\/h2>\n<p>Eine W\u00e4rmeplatte ist ein Ersatz der Natur. in der die K\u00fcken bei der Glucke in der W\u00e4rme unter den Federn sitzen. Eine sehr nat\u00fcrliche L\u00f6sung mit einem gro\u00dfen Vorteil. n\u00e4mlich dem. dass die K\u00fcken eher abgeh\u00e4rtet werden und schneller ihr Federkleid bekommen. Hiermit bleiben die K\u00fcken auch gesunder. Die Lebensdauer einer W\u00e4rmeplatte betr\u00e4gt sicher 10 Jahre und die Chance auf Defekte ist minimal.<\/p>\n<h2>Materialien<\/h2>\n<p>Die W\u00e4rmeplatte ist aus Kunststoff gefertigt. haupts\u00e4chlich aus ABS Kunststoff. Dieses Material ist stark und dauerhaft. Die H\u00f6he der F\u00fc\u00dfe kann sehr einfach angepasst werden durch die mit \u201cPUSH\u201d angedeuteten gelbe Klemmen ein zu dr\u00fccken. An der Innenseite der W\u00e4rmeplatte befindet sich ein Polyurethan Isolierteil mit einem sehr hohen Isolierungswert. Auf diesem Teil ist das Heizelement befestigt.<\/p>\n<h2>Sehr niedrige Stromkosten<\/h2>\n<p>Eine W\u00e4rmeplatte verbraucht viel weniger Strom als eine W\u00e4rmelampe. Diese Einsparung kann bis zu \u20ac7.26 pro Woche betragen. abh\u00e4ngig vom Model. Die Anschaffungskosten der W\u00e4rmeplatte zahlen sich dank dieser Stromkosteneinsparung in 8-20 Wochen aus. Eine sehr gute Investition im Grunde genommen!<\/p>\n<table class=\"costTable\">\n<thead>\n<tr>\n<th colspan=\"3\">W\u00e4rmeplatte<\/th>\n<th colspan=\"2\">W\u00e4rmelampe<\/th>\n<\/tr>\n<\/thead>\n<thead>\n<tr>\n<th>Model<\/th>\n<th>Verm\u00f6gen (Watt)<\/th>\n<th>Stromkosten p\/w<\/th>\n<th>Verm\u00f6gen (Watt)<\/th>\n<th>Stromkosten p\/w<\/th>\n<\/tr>\n<\/thead>\n<tbody>\n<tr>\n<td><strong>WP-25<\/strong><\/td>\n<td>15<\/td>\n<td>\u20ac0.58<\/td>\n<td>60<\/td>\n<td>\u20ac2,32<\/td>\n<\/tr>\n<tr>\n<td><strong>WP-30<\/strong><\/td>\n<td>22<\/td>\n<td>\u20ac0.85<\/td>\n<td>100<\/td>\n<td>\u20ac3.86<\/td>\n<\/tr>\n<tr>\n<td><strong>WP-40<\/strong><\/td>\n<td>42<\/td>\n<td>\u20ac1.62<\/td>\n<td>150<\/td>\n<td>\u20ac5.80<\/td>\n<\/tr>\n<tr>\n<td><strong>WP-50<\/strong><\/td>\n<td>50<\/td>\n<td>\u20ac1.93<\/td>\n<td>150<\/td>\n<td>\u20ac5.80<\/td>\n<\/tr>\n<tr>\n<td><strong>WP-60<\/strong><\/td>\n<td>62<\/td>\n<td>\u20ac2.40<\/td>\n<td>250<\/td>\n<td>\u20ac9.66<\/td>\n<\/tr>\n<\/tbody>\n<\/table>\n<p><em>*KW\/H Preis \u20ac 0.23<\/em><\/p>","protected":false},"excerpt":{"rendered":"<p>Mit Stolz k\u00fcnnen wir Ihnen die neue Comfort W\u00e4rmeplatte f\u00fcr K\u00fcken pr\u00e4sentieren. Ins Besondere das neue System zur H\u00f6henverstellung der F\u00fc\u00dfe macht diese neue W\u00e4rmeplatte sehr praktisch und erspart Ihnen viel Zeit. Hier k\u00f6nnen sie alle Vorteile dieser Platte finden: Einfache H\u00f6henverstellung. Bessere Isolierung (PU) H\u00f6here Plattentemperatur Niedriger Stromverbrauch Zweifache Sicherheit mittels einer Temperatursicherung und [&hellip;]<\/p>\n","protected":false},"author":3,"featured_media":0,"parent":0,"menu_order":0,"comment_status":"closed","ping_status":"closed","template":"","meta":{"_monsterinsights_skip_tracking":false,"_monsterinsights_sitenote_active":false,"_monsterinsights_sitenote_note":"","_monsterinsights_sitenote_category":0,"footnotes":""},"class_list":["post-80","page","type-page","status-publish","hentry"],"yoast_head":"<!-- This site is optimized with the Yoast SEO plugin v27.5 - https:\/\/yoast.com\/product\/yoast-seo-wordpress\/ -->\n<title>Unsere W\u00e4rmeplatten - Comfort Chicks<\/title>\n<meta name=\"robots\" content=\"index, follow, max-snippet:-1, max-image-preview:large, max-video-preview:-1\" \/>\n<link rel=\"canonical\" href=\"https:\/\/comfortchicks.com\/heatingplates\/\" \/>\n<meta property=\"og:locale\" content=\"de_DE\" \/>\n<meta property=\"og:type\" content=\"article\" \/>\n<meta property=\"og:title\" content=\"[:en]Our heating plates[:nl]Onze warmteplaten[:de]Unsere W\u00e4rmeplatten[:fr]Nos panneaux chauffants[:] - Comfort Chicks\" \/>\n<meta property=\"og:description\" content=\"Mit Stolz k\u00fcnnen wir Ihnen die neue Comfort W\u00e4rmeplatte f\u00fcr K\u00fcken pr\u00e4sentieren. Ins Besondere das neue System zur H\u00f6henverstellung der F\u00fc\u00dfe macht diese neue W\u00e4rmeplatte sehr praktisch und erspart Ihnen viel Zeit. Hier k\u00f6nnen sie alle Vorteile dieser Platte finden: Einfache H\u00f6henverstellung. Bessere Isolierung (PU) H\u00f6here Plattentemperatur Niedriger Stromverbrauch Zweifache Sicherheit mittels einer Temperatursicherung und [&hellip;]\" \/>\n<meta property=\"og:url\" content=\"https:\/\/comfortchicks.com\/heatingplates\/\" \/>\n<meta property=\"og:site_name\" content=\"Comfort Chicks\" \/>\n<meta property=\"article:modified_time\" content=\"2018-08-16T13:49:12+00:00\" \/>\n<meta property=\"og:image\" content=\"https:\/\/comfortchicks.com\/wp-content\/uploads\/2013\/01\/WP-30-crop.jpg\" \/>\n<meta name=\"twitter:label1\" content=\"Gesch\u00e4tzte Lesezeit\" \/>\n\t<meta name=\"twitter:data1\" content=\"6\u00a0Minuten\" \/>\n<script type=\"application\/ld+json\" class=\"yoast-schema-graph\">{\"@context\":\"https:\\\/\\\/schema.org\",\"@graph\":[{\"@type\":\"WebPage\",\"@id\":\"https:\\\/\\\/comfortchicks.com\\\/heatingplates\\\/\",\"url\":\"https:\\\/\\\/comfortchicks.com\\\/heatingplates\\\/\",\"name\":\"[:en]Our heating plates[:nl]Onze warmteplaten[:de]Unsere W\u00e4rmeplatten[:fr]Nos panneaux chauffants[:] - Comfort Chicks\",\"isPartOf\":{\"@id\":\"https:\\\/\\\/comfortchicks.com\\\/#website\"},\"primaryImageOfPage\":{\"@id\":\"https:\\\/\\\/comfortchicks.com\\\/heatingplates\\\/#primaryimage\"},\"image\":{\"@id\":\"https:\\\/\\\/comfortchicks.com\\\/heatingplates\\\/#primaryimage\"},\"thumbnailUrl\":\"https:\\\/\\\/comfortchicks.com\\\/wp-content\\\/uploads\\\/2013\\\/01\\\/WP-30-crop.jpg\",\"datePublished\":\"2013-01-24T10:12:48+00:00\",\"dateModified\":\"2018-08-16T13:49:12+00:00\",\"breadcrumb\":{\"@id\":\"https:\\\/\\\/comfortchicks.com\\\/heatingplates\\\/#breadcrumb\"},\"inLanguage\":\"de\",\"potentialAction\":[{\"@type\":\"ReadAction\",\"target\":[\"https:\\\/\\\/comfortchicks.com\\\/heatingplates\\\/\"]}]},{\"@type\":\"ImageObject\",\"inLanguage\":\"de\",\"@id\":\"https:\\\/\\\/comfortchicks.com\\\/heatingplates\\\/#primaryimage\",\"url\":\"https:\\\/\\\/comfortchicks.com\\\/wp-content\\\/uploads\\\/2013\\\/01\\\/WP-30-crop.jpg\",\"contentUrl\":\"https:\\\/\\\/comfortchicks.com\\\/wp-content\\\/uploads\\\/2013\\\/01\\\/WP-30-crop.jpg\"},{\"@type\":\"BreadcrumbList\",\"@id\":\"https:\\\/\\\/comfortchicks.com\\\/heatingplates\\\/#breadcrumb\",\"itemListElement\":[{\"@type\":\"ListItem\",\"position\":1,\"name\":\"Home\",\"item\":\"https:\\\/\\\/comfortchicks.com\\\/\"},{\"@type\":\"ListItem\",\"position\":2,\"name\":\"Our heating plates\"}]},{\"@type\":\"WebSite\",\"@id\":\"https:\\\/\\\/comfortchicks.com\\\/#website\",\"url\":\"https:\\\/\\\/comfortchicks.com\\\/\",\"name\":\"Comfort Chicks\",\"description\":\"W\u00e4rmeplatten f\u00fcr k\u00fcken\",\"potentialAction\":[{\"@type\":\"SearchAction\",\"target\":{\"@type\":\"EntryPoint\",\"urlTemplate\":\"https:\\\/\\\/comfortchicks.com\\\/?s={search_term_string}\"},\"query-input\":{\"@type\":\"PropertyValueSpecification\",\"valueRequired\":true,\"valueName\":\"search_term_string\"}}],\"inLanguage\":\"de\"}]}<\/script>\n<!-- \/ Yoast SEO plugin. -->","yoast_head_json":{"title":"[:en]Our heating plates[:nl]Onze warmteplaten[:de]Unsere W\u00e4rmeplatten[:fr]Nos panneaux chauffants[:] - Comfort Chicks","robots":{"index":"index","follow":"follow","max-snippet":"max-snippet:-1","max-image-preview":"max-image-preview:large","max-video-preview":"max-video-preview:-1"},"canonical":"https:\/\/comfortchicks.com\/heatingplates\/","og_locale":"de_DE","og_type":"article","og_title":"[:en]Our heating plates[:nl]Onze warmteplaten[:de]Unsere W\u00e4rmeplatten[:fr]Nos panneaux chauffants[:] - Comfort Chicks","og_description":"Mit Stolz k\u00fcnnen wir Ihnen die neue Comfort W\u00e4rmeplatte f\u00fcr K\u00fcken pr\u00e4sentieren. Ins Besondere das neue System zur H\u00f6henverstellung der F\u00fc\u00dfe macht diese neue W\u00e4rmeplatte sehr praktisch und erspart Ihnen viel Zeit. Hier k\u00f6nnen sie alle Vorteile dieser Platte finden: Einfache H\u00f6henverstellung. Bessere Isolierung (PU) H\u00f6here Plattentemperatur Niedriger Stromverbrauch Zweifache Sicherheit mittels einer Temperatursicherung und [&hellip;]","og_url":"https:\/\/comfortchicks.com\/heatingplates\/","og_site_name":"Comfort Chicks","article_modified_time":"2018-08-16T13:49:12+00:00","og_image":[{"url":"https:\/\/comfortchicks.com\/wp-content\/uploads\/2013\/01\/WP-30-crop.jpg","type":"","width":"","height":""}],"twitter_misc":{"Gesch\u00e4tzte Lesezeit":"6\u00a0Minuten"},"schema":{"@context":"https:\/\/schema.org","@graph":[{"@type":"WebPage","@id":"https:\/\/comfortchicks.com\/heatingplates\/","url":"https:\/\/comfortchicks.com\/heatingplates\/","name":"[:en]Our heating plates[:nl]Onze warmteplaten[:de]Unsere W\u00e4rmeplatten[:fr]Nos panneaux chauffants[:] - Comfort Chicks","isPartOf":{"@id":"https:\/\/comfortchicks.com\/#website"},"primaryImageOfPage":{"@id":"https:\/\/comfortchicks.com\/heatingplates\/#primaryimage"},"image":{"@id":"https:\/\/comfortchicks.com\/heatingplates\/#primaryimage"},"thumbnailUrl":"https:\/\/comfortchicks.com\/wp-content\/uploads\/2013\/01\/WP-30-crop.jpg","datePublished":"2013-01-24T10:12:48+00:00","dateModified":"2018-08-16T13:49:12+00:00","breadcrumb":{"@id":"https:\/\/comfortchicks.com\/heatingplates\/#breadcrumb"},"inLanguage":"de","potentialAction":[{"@type":"ReadAction","target":["https:\/\/comfortchicks.com\/heatingplates\/"]}]},{"@type":"ImageObject","inLanguage":"de","@id":"https:\/\/comfortchicks.com\/heatingplates\/#primaryimage","url":"https:\/\/comfortchicks.com\/wp-content\/uploads\/2013\/01\/WP-30-crop.jpg","contentUrl":"https:\/\/comfortchicks.com\/wp-content\/uploads\/2013\/01\/WP-30-crop.jpg"},{"@type":"BreadcrumbList","@id":"https:\/\/comfortchicks.com\/heatingplates\/#breadcrumb","itemListElement":[{"@type":"ListItem","position":1,"name":"Home","item":"https:\/\/comfortchicks.com\/"},{"@type":"ListItem","position":2,"name":"Our heating plates"}]},{"@type":"WebSite","@id":"https:\/\/comfortchicks.com\/#website","url":"https:\/\/comfortchicks.com\/","name":"Comfort Chicks","description":"W\u00e4rmeplatten f\u00fcr k\u00fcken","potentialAction":[{"@type":"SearchAction","target":{"@type":"EntryPoint","urlTemplate":"https:\/\/comfortchicks.com\/?s={search_term_string}"},"query-input":{"@type":"PropertyValueSpecification","valueRequired":true,"valueName":"search_term_string"}}],"inLanguage":"de"}]}},"_links":{"self":[{"href":"https:\/\/comfortchicks.com\/de\/wp-json\/wp\/v2\/pages\/80","targetHints":{"allow":["GET"]}}],"collection":[{"href":"https:\/\/comfortchicks.com\/de\/wp-json\/wp\/v2\/pages"}],"about":[{"href":"https:\/\/comfortchicks.com\/de\/wp-json\/wp\/v2\/types\/page"}],"author":[{"embeddable":true,"href":"https:\/\/comfortchicks.com\/de\/wp-json\/wp\/v2\/users\/3"}],"replies":[{"embeddable":true,"href":"https:\/\/comfortchicks.com\/de\/wp-json\/wp\/v2\/comments?post=80"}],"version-history":[{"count":25,"href":"https:\/\/comfortchicks.com\/de\/wp-json\/wp\/v2\/pages\/80\/revisions"}],"predecessor-version":[{"id":508,"href":"https:\/\/comfortchicks.com\/de\/wp-json\/wp\/v2\/pages\/80\/revisions\/508"}],"wp:attachment":[{"href":"https:\/\/comfortchicks.com\/de\/wp-json\/wp\/v2\/media?parent=80"}],"curies":[{"name":"wp","href":"https:\/\/api.w.org\/{rel}","templated":true}]}}