{"id":32,"date":"2013-01-18T12:03:36","date_gmt":"2013-01-18T11:03:36","guid":{"rendered":"https:\/\/comfortchicks.com\/?page_id=32"},"modified":"2014-11-14T11:30:56","modified_gmt":"2014-11-14T10:30:56","slug":"get-started","status":"publish","type":"page","link":"https:\/\/comfortchicks.com\/de\/get-started\/","title":{"rendered":"Sofort anfangen"},"content":{"rendered":"<p>Die H\u00f6heneinstellung der F\u00fc\u00dfe macht diese W\u00e4rmeplatten sehr praktisch und liefert eine gro\u00dfe Zeitersparnis. Lesen Sie die Anleitung um sofort anfangen zu k\u00f6nnen.<\/p>\n<h2>BEFESTIGUNG DER F\u00dc\u00dfE<\/h2>\n<p>Die F\u00fc\u00dfe der W\u00e4rmeplatte haben eine Ober\u2010 und eineUnterseite. Der Unterschied ist sehr einfach zu erkennen: die Oberseite ist abgerundet, die Unterseite ist flach und hat am Ende ein schwarzes Gummif\u00fc\u00dfchen. An der Unterseite der W\u00e4rmeplatte befindet sich in jeder der 4 Ecken eine \u00d6ffnung und ein beweglicher gelber Schieber, der mit \u201ePUSH\u201c beschriftet ist. Halten Sie den gelben Schieber in Pfeilrichtung gedr\u00fcckt und f\u00fchren Sie anschlie\u00dfend einen Fu\u00df, mit dem abgerundeten Teil nach oben gerichtet, von unten nach oben durch die \u00d6ffnung.\u00a0Sobald Sie die gew\u00fcnschte H\u00f6he erreicht haben, lassen Sie den Schieber wieder los. Achten Sie bitte darauf, da\u00df alle\u00a0F\u00fc\u00dfe dieselbe H\u00f6he haben.<\/p>\n<h2>INBETRIEBNAHME<\/h2>\n<div id=\"attachment_141\" style=\"width: 252px\" class=\"wp-caption alignright\"><img loading=\"lazy\" decoding=\"async\" aria-describedby=\"caption-attachment-141\" class=\" wp-image-141     \" title=\"Install the legs\" alt=\"Install the legs of the Comfort heating plate\" src=\"https:\/\/comfortchicks.com\/wp-content\/uploads\/2013\/01\/installLeg.png\" width=\"242\" height=\"348\" srcset=\"https:\/\/comfortchicks.com\/wp-content\/uploads\/2013\/01\/installLeg.png 299w, https:\/\/comfortchicks.com\/wp-content\/uploads\/2013\/01\/installLeg-208x300.png 208w\" sizes=\"auto, (max-width: 242px) 100vw, 242px\" \/><p id=\"caption-attachment-141\" class=\"wp-caption-text\">An der Unterseite der W\u00e4rmeplatte befindet sich in jeder der 4 Ecken eine \u00d6ffnung und ein beweglicher gelber Schieber, der mit \u201ePUSH\u201c beschriftet ist.<\/p><\/div>\n<p>An der Unterseite der W\u00e4rmeplatte befindet sich in jeder der 4 Ecken eine \u00d6ffnung und ein beweglicher gelber Schieber, der mit \u201ePUSH\u201c beschriftet ist.Sie k\u00f6nnen jetzt die W\u00e4rmeplatte mit einer 230 Volt Steckdose verbinden, die LED\u2010Anzeige sollte dann sofort\u00a0aufleuchten. Ist das nicht der Fall, \u00fcberpr\u00fcfen Sie bitte ob Strom an der Steckdose anliegt.\u00a0Es dauert ungef\u00e4hr 1 Stunde bis die W\u00e4rmeplatte richtig warm ist. Die K\u00fcken k\u00f6nnen dann unter die W\u00e4rmeplatte\u00a0platziert werden.<\/p>\n<h2>H\u00d6HENEINSTELLUNG DER F\u00dcSSE:<\/h2>\n<p>Es ist wichtig zu wissen, dass eine W\u00e4rmeplatte nicht dieselbe\u00a0Funktionsweise hat wie eine W\u00e4rmelampe. W\u00e4hrend eine\u00a0W\u00e4rmelampe sehr warm wird und diese W\u00e4rme nach unten\u00a0abstrahlt, wird eine W\u00e4rmeplatte nur warm in unmittelbarer\u00a0N\u00e4he der Platte selbst. Es ist deshalb sehr wichtig, da\u00df die\u00a0K\u00fcken, die gerade erst geschl\u00fcpft sind, die W\u00e4rmeplatte\u00a0ber\u00fchren k\u00f6nnen (keine Sorge, die K\u00fcken verbrennen sich\u00a0hierbei nicht). Aus diesem Grund ist es sehr wichtig,\u00a0dass die\u00a0H\u00f6heneinstellung der F\u00fc\u00dfe stets richtig angepasst ist.<\/p>\n<p>Ein guter Hinweis f\u00fcr eine richtige H\u00f6heneinstellung sind die\u00a0K\u00fcken selbst. Sie geben n\u00e4mlich an ob sie zufrieden sind oder\u00a0nicht. Im ersten Fall, liegen sie ruhig unter der Platte, im\u00a0zweiten Fall sind sie unruhig und piepsen laut.<\/p>\n<p>Einfacher Ma\u00dfstab f\u00fcr den H\u00f6henabstand zwischen W\u00e4rmeplatte\u00a0und Einstreu = die Ruckenh\u00f6he eines stehenden\u00a0K\u00fckens.<\/p>\n<p>Passen Sie die H\u00f6heneinstellung stets dem Wachstum der\u00a0K\u00fcken an; wir empfehlen Ihnen mindestens einmal pro Woche\u00a0den Abstand anzupassen. Der Mindestabstand zum Einstreu\u00a0betr\u00e4gt 3 cm<\/p>\n<h2>WIE ZEIGEN DIE K\u00dcKEN AN OB DIE H\u00d6HENEINSTELLUNG DER W\u00c4RMEPLATTE RICHTIG IST ?<\/h2>\n<p><strong>Gut<\/strong>:\u00a0Die K\u00fcken liegen unter der W\u00e4rmeplatte, einige stehen. Sie machen einen zufriedenen Eindruck und piepsen nicht. Ab und zu verlassen sie auch ihren Platz unter der W\u00e4rmeplatte.<\/p>\n<p><strong>Zu hogh:<\/strong>\u00a0Die K\u00fcken STEHEN unter der W\u00e4rmeplatte und verlassen den Platz nicht; sie piepsen laut.<\/p>\n<p><strong>Zu niedrig<\/strong>:\u00a0Die K\u00fcken gehen kaum unter die W\u00e4rmeplatte, denn diese ist zu warm. Um unter die Platte zu kommen, m\u00fcssen sie KRIECHEN.<\/p>\n<blockquote><p><strong>MISSVERST\u00c4NDNISS<\/strong>:\u00a0Manche Kunden sind der Meinung, da\u00df sie ein Thermometer verwenden m\u00fcssen um zu kontrollieren ob die Temperatur unter der W\u00e4rmeplatte richtig ist. Das ist nicht die Absicht! Man legt ja auch kein Thermometer unter eine br\u00fctende Henne.<\/p>\n<p>Das Verhalten der K\u00fcken gibt an ob sie zufrieden sind oder nicht. Deswegen ist es wichtig, da\u00df Sie regelm\u00e4\u00dfig das Verhalten der K\u00fcken kontrollieren.<\/p><\/blockquote>\n<h2>REINIGUNG<\/h2>\n<p>Nach jeder Verwendung reinigen Sie die W\u00e4rmeplatte mit einem feuchten Tuch. Bei starker Verschmutzung k\u00f6nnen Sie auch vorher einen Mistkratzer verwenden. <strong>Verwenden Sie kein Wasser und tauchen Sie auch nicht die W\u00e4rmeplatte\u00a0in Wasser!<\/strong><\/p>\n<h2>Sicherheitsma\u00dfnahmen<\/h2>\n<p>Diese W\u00e4rmeplatte ist doppelt abgesichert, sowohl um Kurzschlu\u00df als auch \u00dcberhitzung zu verhindern. Diese\u00a0Sicherheitsma\u00dfnahmen bestehen aus einer Widerstandssicherung von 0,5 Ampere und einer Temperatursicherung\u00a0von 120 \u00b0Celsius.<\/p>\n<h2>WICHTIG<\/h2>\n<blockquote><p>Verwenden Sie die W\u00e4rmeplatte nur wie in dieser Bedienungsanleitung angegeben und zwar horizontal und mit\u00a0der Oberseite nach oben (siehe Abbildung auf dem Karton). Auch die Montage der F\u00fc\u00dfe hat nach dieser Bedienungsanleitung zu erfolgen. Zum Einstreu mu\u00df ein Mindestabstand von 3 cm eingehalten werden. Sollte die W\u00e4rmeplatte f\u00fcr andere Zwecke verwendet oder demontiert werden, entfallen jegliche Gew\u00e4hrleistungsanspr\u00fcche\u00a0sowie die evtl. Haftung bei Folgesch\u00e4den. Dies gilt auch bei Verwendung ohne F\u00fc\u00dfe, oder Ver\u00e4nderung der Ger\u00e4tezuleitung.<\/p><\/blockquote>\n<p><\/p>","protected":false},"excerpt":{"rendered":"<p>Die H\u00f6heneinstellung der F\u00fc\u00dfe macht diese W\u00e4rmeplatten sehr praktisch und liefert eine gro\u00dfe Zeitersparnis. Lesen Sie die Anleitung um sofort anfangen zu k\u00f6nnen. BEFESTIGUNG DER F\u00dc\u00dfE Die F\u00fc\u00dfe der W\u00e4rmeplatte haben eine Ober\u2010 und eineUnterseite. Der Unterschied ist sehr einfach zu erkennen: die Oberseite ist abgerundet, die Unterseite ist flach und hat am Ende ein [&hellip;]<\/p>\n","protected":false},"author":3,"featured_media":0,"parent":0,"menu_order":0,"comment_status":"open","ping_status":"open","template":"","meta":{"_monsterinsights_skip_tracking":false,"_monsterinsights_sitenote_active":false,"_monsterinsights_sitenote_note":"","_monsterinsights_sitenote_category":0,"footnotes":""},"class_list":["post-32","page","type-page","status-publish","hentry"],"yoast_head":"<!-- This site is optimized with the Yoast SEO plugin v27.5 - https:\/\/yoast.com\/product\/yoast-seo-wordpress\/ -->\n<title>Get started \u00ab Comfort Chicks<\/title>\n<meta name=\"description\" content=\"The new height adjusting system for the legs makes our new heating plate very practical to use. Read our instuctions to get started right away.\" \/>\n<meta name=\"robots\" content=\"index, follow, max-snippet:-1, max-image-preview:large, max-video-preview:-1\" \/>\n<link rel=\"canonical\" href=\"https:\/\/comfortchicks.com\/get-started\/\" \/>\n<meta property=\"og:locale\" content=\"de_DE\" \/>\n<meta property=\"og:type\" content=\"article\" \/>\n<meta property=\"og:title\" content=\"Get started \u00ab Comfort Chicks\" \/>\n<meta property=\"og:description\" content=\"The new height adjusting system for the legs makes our new heating plate very practical to use. Read our instuctions to get started right away.\" \/>\n<meta property=\"og:url\" content=\"https:\/\/comfortchicks.com\/get-started\/\" \/>\n<meta property=\"og:site_name\" content=\"Comfort Chicks\" \/>\n<meta property=\"article:modified_time\" content=\"2014-11-14T10:30:56+00:00\" \/>\n<meta property=\"og:image\" content=\"https:\/\/comfortchicks.com\/wp-content\/uploads\/2013\/01\/installLeg.png\" \/>\n<meta name=\"twitter:label1\" content=\"Gesch\u00e4tzte Lesezeit\" \/>\n\t<meta name=\"twitter:data1\" content=\"14\u00a0Minuten\" \/>\n<script type=\"application\/ld+json\" class=\"yoast-schema-graph\">{\"@context\":\"https:\\\/\\\/schema.org\",\"@graph\":[{\"@type\":\"WebPage\",\"@id\":\"https:\\\/\\\/comfortchicks.com\\\/get-started\\\/\",\"url\":\"https:\\\/\\\/comfortchicks.com\\\/get-started\\\/\",\"name\":\"Get started \u00ab Comfort Chicks\",\"isPartOf\":{\"@id\":\"https:\\\/\\\/comfortchicks.com\\\/#website\"},\"primaryImageOfPage\":{\"@id\":\"https:\\\/\\\/comfortchicks.com\\\/get-started\\\/#primaryimage\"},\"image\":{\"@id\":\"https:\\\/\\\/comfortchicks.com\\\/get-started\\\/#primaryimage\"},\"thumbnailUrl\":\"https:\\\/\\\/comfortchicks.com\\\/wp-content\\\/uploads\\\/2013\\\/01\\\/installLeg.png\",\"datePublished\":\"2013-01-18T11:03:36+00:00\",\"dateModified\":\"2014-11-14T10:30:56+00:00\",\"description\":\"The new height adjusting system for the legs makes our new heating plate very practical to use. Read our instuctions to get started right away.\",\"breadcrumb\":{\"@id\":\"https:\\\/\\\/comfortchicks.com\\\/get-started\\\/#breadcrumb\"},\"inLanguage\":\"de\",\"potentialAction\":[{\"@type\":\"ReadAction\",\"target\":[\"https:\\\/\\\/comfortchicks.com\\\/get-started\\\/\"]}]},{\"@type\":\"ImageObject\",\"inLanguage\":\"de\",\"@id\":\"https:\\\/\\\/comfortchicks.com\\\/get-started\\\/#primaryimage\",\"url\":\"https:\\\/\\\/comfortchicks.com\\\/wp-content\\\/uploads\\\/2013\\\/01\\\/installLeg.png\",\"contentUrl\":\"https:\\\/\\\/comfortchicks.com\\\/wp-content\\\/uploads\\\/2013\\\/01\\\/installLeg.png\"},{\"@type\":\"BreadcrumbList\",\"@id\":\"https:\\\/\\\/comfortchicks.com\\\/get-started\\\/#breadcrumb\",\"itemListElement\":[{\"@type\":\"ListItem\",\"position\":1,\"name\":\"Home\",\"item\":\"https:\\\/\\\/comfortchicks.com\\\/\"},{\"@type\":\"ListItem\",\"position\":2,\"name\":\"Get started\"}]},{\"@type\":\"WebSite\",\"@id\":\"https:\\\/\\\/comfortchicks.com\\\/#website\",\"url\":\"https:\\\/\\\/comfortchicks.com\\\/\",\"name\":\"Comfort Chicks\",\"description\":\"W\u00e4rmeplatten f\u00fcr k\u00fcken\",\"potentialAction\":[{\"@type\":\"SearchAction\",\"target\":{\"@type\":\"EntryPoint\",\"urlTemplate\":\"https:\\\/\\\/comfortchicks.com\\\/?s={search_term_string}\"},\"query-input\":{\"@type\":\"PropertyValueSpecification\",\"valueRequired\":true,\"valueName\":\"search_term_string\"}}],\"inLanguage\":\"de\"}]}<\/script>\n<!-- \/ Yoast SEO plugin. -->","yoast_head_json":{"title":"Get started \u00ab Comfort Chicks","description":"The new height adjusting system for the legs makes our new heating plate very practical to use. Read our instuctions to get started right away.","robots":{"index":"index","follow":"follow","max-snippet":"max-snippet:-1","max-image-preview":"max-image-preview:large","max-video-preview":"max-video-preview:-1"},"canonical":"https:\/\/comfortchicks.com\/get-started\/","og_locale":"de_DE","og_type":"article","og_title":"Get started \u00ab Comfort Chicks","og_description":"The new height adjusting system for the legs makes our new heating plate very practical to use. Read our instuctions to get started right away.","og_url":"https:\/\/comfortchicks.com\/get-started\/","og_site_name":"Comfort Chicks","article_modified_time":"2014-11-14T10:30:56+00:00","og_image":[{"url":"https:\/\/comfortchicks.com\/wp-content\/uploads\/2013\/01\/installLeg.png","type":"","width":"","height":""}],"twitter_misc":{"Gesch\u00e4tzte Lesezeit":"14\u00a0Minuten"},"schema":{"@context":"https:\/\/schema.org","@graph":[{"@type":"WebPage","@id":"https:\/\/comfortchicks.com\/get-started\/","url":"https:\/\/comfortchicks.com\/get-started\/","name":"Get started \u00ab Comfort Chicks","isPartOf":{"@id":"https:\/\/comfortchicks.com\/#website"},"primaryImageOfPage":{"@id":"https:\/\/comfortchicks.com\/get-started\/#primaryimage"},"image":{"@id":"https:\/\/comfortchicks.com\/get-started\/#primaryimage"},"thumbnailUrl":"https:\/\/comfortchicks.com\/wp-content\/uploads\/2013\/01\/installLeg.png","datePublished":"2013-01-18T11:03:36+00:00","dateModified":"2014-11-14T10:30:56+00:00","description":"The new height adjusting system for the legs makes our new heating plate very practical to use. Read our instuctions to get started right away.","breadcrumb":{"@id":"https:\/\/comfortchicks.com\/get-started\/#breadcrumb"},"inLanguage":"de","potentialAction":[{"@type":"ReadAction","target":["https:\/\/comfortchicks.com\/get-started\/"]}]},{"@type":"ImageObject","inLanguage":"de","@id":"https:\/\/comfortchicks.com\/get-started\/#primaryimage","url":"https:\/\/comfortchicks.com\/wp-content\/uploads\/2013\/01\/installLeg.png","contentUrl":"https:\/\/comfortchicks.com\/wp-content\/uploads\/2013\/01\/installLeg.png"},{"@type":"BreadcrumbList","@id":"https:\/\/comfortchicks.com\/get-started\/#breadcrumb","itemListElement":[{"@type":"ListItem","position":1,"name":"Home","item":"https:\/\/comfortchicks.com\/"},{"@type":"ListItem","position":2,"name":"Get started"}]},{"@type":"WebSite","@id":"https:\/\/comfortchicks.com\/#website","url":"https:\/\/comfortchicks.com\/","name":"Comfort Chicks","description":"W\u00e4rmeplatten f\u00fcr k\u00fcken","potentialAction":[{"@type":"SearchAction","target":{"@type":"EntryPoint","urlTemplate":"https:\/\/comfortchicks.com\/?s={search_term_string}"},"query-input":{"@type":"PropertyValueSpecification","valueRequired":true,"valueName":"search_term_string"}}],"inLanguage":"de"}]}},"_links":{"self":[{"href":"https:\/\/comfortchicks.com\/de\/wp-json\/wp\/v2\/pages\/32","targetHints":{"allow":["GET"]}}],"collection":[{"href":"https:\/\/comfortchicks.com\/de\/wp-json\/wp\/v2\/pages"}],"about":[{"href":"https:\/\/comfortchicks.com\/de\/wp-json\/wp\/v2\/types\/page"}],"author":[{"embeddable":true,"href":"https:\/\/comfortchicks.com\/de\/wp-json\/wp\/v2\/users\/3"}],"replies":[{"embeddable":true,"href":"https:\/\/comfortchicks.com\/de\/wp-json\/wp\/v2\/comments?post=32"}],"version-history":[{"count":0,"href":"https:\/\/comfortchicks.com\/de\/wp-json\/wp\/v2\/pages\/32\/revisions"}],"wp:attachment":[{"href":"https:\/\/comfortchicks.com\/de\/wp-json\/wp\/v2\/media?parent=32"}],"curies":[{"name":"wp","href":"https:\/\/api.w.org\/{rel}","templated":true}]}}